{"id":27,"date":"2015-03-07T08:08:03","date_gmt":"2015-03-07T07:08:03","guid":{"rendered":"http:\/\/motostefano.de\/?page_id=27"},"modified":"2015-03-07T09:40:05","modified_gmt":"2015-03-07T08:40:05","slug":"impressum","status":"publish","type":"page","link":"https:\/\/motostefano.de\/?page_id=27","title":{"rendered":"Impressum"},"content":{"rendered":"<p>Web-Impressum:<br \/>\nMOTOSTEFANO<br \/>\nInhaber: Stefan Leibfritz<br \/>\nOberer Br\u00fchl 40<br \/>\n72336 Balingen Ro\u00dfwangen<br \/>\nTelefon: 07433 \/ 381486<br \/>\nTelefax : 07433 \/37035<br \/>\nE-Mail: info@motostefano.de<br \/>\nInternet : www.motostefano.de<\/p>\n<p>Haftungshinweis: Trotz sorgf\u00e4ltiger inhaltlicher Kontrolle \u00fcbernehmen wir keine Haftung f\u00fcr die Inhalte externer Links. F\u00fcr den Inhalt der verlinkten Seiten sind ausschlie\u00dflich deren Betreiber verantwortlich.<\/p>\n","protected":false},"excerpt":{"rendered":"<p>Web-Impressum: MOTOSTEFANO Inhaber: Stefan Leibfritz Oberer Br\u00fchl 40 72336 Balingen Ro\u00dfwangen Telefon: 07433 \/ 381486 Telefax : 07433 \/37035 E-Mail: info@motostefano.de Internet : www.motostefano.de Haftungshinweis: Trotz sorgf\u00e4ltiger inhaltlicher Kontrolle \u00fcbernehmen wir keine Haftung f\u00fcr die Inhalte externer Links. F\u00fcr den &hellip; <a href=\"https:\/\/motostefano.de\/?page_id=27\">Weiterlesen <span class=\"meta-nav\">&rarr;<\/span><\/a><\/p>\n","protected":false},"author":1,"featured_media":0,"parent":0,"menu_order":10,"comment_status":"closed","ping_status":"closed","template":"","meta":{"footnotes":""},"_links":{"self":[{"href":"https:\/\/motostefano.de\/index.php?rest_route=\/wp\/v2\/pages\/27"}],"collection":[{"href":"https:\/\/motostefano.de\/index.php?rest_route=\/wp\/v2\/pages"}],"about":[{"href":"https:\/\/motostefano.de\/index.php?rest_route=\/wp\/v2\/types\/page"}],"author":[{"embeddable":true,"href":"https:\/\/motostefano.de\/index.php?rest_route=\/wp\/v2\/users\/1"}],"replies":[{"embeddable":true,"href":"https:\/\/motostefano.de\/index.php?rest_route=%2Fwp%2Fv2%2Fcomments&post=27"}],"version-history":[{"count":1,"href":"https:\/\/motostefano.de\/index.php?rest_route=\/wp\/v2\/pages\/27\/revisions"}],"predecessor-version":[{"id":28,"href":"https:\/\/motostefano.de\/index.php?rest_route=\/wp\/v2\/pages\/27\/revisions\/28"}],"wp:attachment":[{"href":"https:\/\/motostefano.de\/index.php?rest_route=%2Fwp%2Fv2%2Fmedia&parent=27"}],"curies":[{"name":"wp","href":"https:\/\/api.w.org\/{rel}","templated":true}]}}