{"id":198,"date":"2015-04-02T09:54:04","date_gmt":"2015-04-02T07:54:04","guid":{"rendered":"http:\/\/motostefano.de\/?page_id=198"},"modified":"2025-07-17T13:53:28","modified_gmt":"2025-07-17T11:53:28","slug":"raeder-bremsen","status":"publish","type":"page","link":"https:\/\/motostefano.de\/?page_id=198","title":{"rendered":"R\u00e4der \/ Bremsen \/ Felgen"},"content":{"rendered":"<h2><strong>Vorderrad Moto Guzzi kleine Modell\u00a0 \u00a0 \u00a0 \u00a0 \u00a0 \u00a0 \u00a0 \u00a0 \u00a0 \u00a0 \u00a0 \u00a0 \u00a0 \u00a0 \u00a0 \u00a0 \u00a0 \u00a0 \u00a0\u00a0<\/strong><\/h2>\n<h3>Aluminium-Gussfelgen, auf Rundlauf gepr\u00fcft, ab 0,4 mm ist die Abweichung angegeben<\/h3>\n<p><a href=\"http:\/\/motostefano.de\/wp-content\/uploads\/2017\/11\/1-1-e1511193525580.jpg\" target=\"_blank\" rel=\"noopener noreferrer\"><img loading=\"lazy\" decoding=\"async\" class=\"alignnone wp-image-1991 size-thumbnail\" src=\"http:\/\/motostefano.de\/wp-content\/uploads\/2017\/11\/1-1-220x150.jpg\" alt=\"Vorderradfelge Felge Moto Guzzi V35\/V50 Typ 1,85x18 (1) vorne\" width=\"220\" height=\"150\" \/><\/a><a href=\"http:\/\/motostefano.de\/wp-content\/uploads\/2017\/11\/1-2-e1511193585162.jpg\" target=\"_blank\" rel=\"noopener noreferrer\"><img loading=\"lazy\" decoding=\"async\" class=\"alignnone wp-image-1992 size-thumbnail\" src=\"http:\/\/motostefano.de\/wp-content\/uploads\/2017\/11\/1-2-220x150.jpg\" alt=\"Vorderradfelge Felge Moto Guzzi V35\/V50 Typ 1,85x18 (1) vorne\" width=\"220\" height=\"150\" \/><\/a>Preis: 80,- \u20ac<\/p>\n<p>Vorderrad (1), Gr\u00f6\u00dfe 1,85 x 18\u00a0 \u00a0z.B. passend f\u00fcr Moto Guzzi V35 \/ V50 \/ V65\u00a0 \u00a0 \u00a0 \u00a0 \u00a0 \u00a0 \u00a0 \u00a0 \u00a0 \u00a0 \u00a0 \u00a0 \u00a0 Nabenbreite der Bremsscheibenaufnahme 51mm<\/p>\n<p>&#8212;&#8212;&#8212;&#8212;&#8212;&#8212;&#8212;&#8212;&#8212;&#8212;&#8212;&#8212;&#8212;&#8212;&#8212;&#8212;&#8212;&#8212;&#8212;&#8212;&#8212;&#8212;&#8212;&#8212;&#8212;&#8212;&#8212;&#8212;&#8212;&#8212;&#8212;&#8212;&#8212;&#8212;&#8212;-<\/p>\n<p><a href=\"http:\/\/motostefano.de\/wp-content\/uploads\/2017\/11\/3-1-e1511193640790.jpg\" target=\"_blank\" rel=\"noopener noreferrer\"><img loading=\"lazy\" decoding=\"async\" class=\"alignnone wp-image-1995 size-thumbnail\" src=\"http:\/\/motostefano.de\/wp-content\/uploads\/2017\/11\/3-1-220x150.jpg\" alt=\"Vorderradfelge Felge Moto Guzzi V35\/V50 Typ 1,85x18 (3) vorne\" width=\"220\" height=\"150\" \/><\/a><a href=\"http:\/\/motostefano.de\/wp-content\/uploads\/2017\/11\/3-2-e1511193672951.jpg\" target=\"_blank\" rel=\"noopener noreferrer\"><img loading=\"lazy\" decoding=\"async\" class=\"alignnone wp-image-1996 size-thumbnail\" src=\"http:\/\/motostefano.de\/wp-content\/uploads\/2017\/11\/3-2-220x150.jpg\" alt=\"Vorderradfelge Felge Moto Guzzi V35\/V50 Typ 1,85x18 (3) vorne\" width=\"220\" height=\"150\" \/><\/a>Preis: 50,- \u20ac<\/p>\n<p>Vorderrad (3), Gr\u00f6\u00dfe 1,85 x 18\u00a0 z.B. passend f\u00fcr Moto Guzzi V35 \/ V50 \/ V65\u00a0 \u00a0 \u00a0 \u00a0 \u00a0 \u00a0 \u00a0 \u00a0 \u00a0 Nabenbreite der Bremsscheibenaufnahme 36 mm. minimaler Schlag<\/p>\n<p>&#8212;&#8212;&#8212;&#8212;&#8212;&#8212;&#8212;&#8212;&#8212;&#8212;&#8212;&#8212;&#8212;&#8212;&#8212;&#8212;&#8212;&#8212;&#8212;&#8212;&#8212;&#8212;&#8212;&#8212;&#8212;&#8212;&#8212;&#8212;&#8212;&#8212;&#8212;&#8212;&#8212;&#8212;&#8212;-<\/p>\n<p><a href=\"http:\/\/motostefano.de\/wp-content\/uploads\/2017\/11\/17-2.jpg\" target=\"_blank\" rel=\"noopener noreferrer\"><img loading=\"lazy\" decoding=\"async\" class=\"alignnone wp-image-2031 size-thumbnail\" src=\"http:\/\/motostefano.de\/wp-content\/uploads\/2017\/11\/17-2-220x150.jpg\" alt=\"Vorderrad (17) Moto Guzzi 1,60x18 kleine Modelle 125 + 254\" width=\"220\" height=\"150\" \/><\/a><a href=\"http:\/\/motostefano.de\/wp-content\/uploads\/2017\/11\/17-1.jpg\" target=\"_blank\" rel=\"noopener noreferrer\"><img loading=\"lazy\" decoding=\"async\" class=\"alignnone wp-image-2030 size-thumbnail\" src=\"http:\/\/motostefano.de\/wp-content\/uploads\/2017\/11\/17-1-220x150.jpg\" alt=\"Vorderrad (17) Moto Guzzi 1,60x18 kleine Modelle 125 + 254\" width=\"220\" height=\"150\" \/><\/a>Preis: 40,- \u20ac<\/p>\n<p>Vorderrad(17), Gr\u00f6\u00dfe 1,60 x 18 z.B. passend f\u00fcr Moto Guzzi 125 \/ 254, Rundlaufabweichung 1mm<\/p>\n<p>&#8212;&#8212;&#8212;&#8212;&#8212;&#8212;&#8212;&#8212;&#8212;&#8212;&#8212;&#8212;&#8212;&#8212;&#8212;&#8212;&#8212;&#8212;&#8212;&#8212;&#8212;&#8212;&#8212;&#8212;&#8212;&#8212;&#8212;&#8212;&#8212;&#8212;&#8212;&#8212;&#8212;&#8212;&#8212;-<\/p>\n<h2><strong>Hinterrad Moto Guzzi kleine Modell\u00a0 \u00a0 \u00a0 \u00a0 \u00a0 \u00a0 \u00a0 \u00a0 \u00a0 \u00a0 \u00a0 \u00a0 \u00a0 \u00a0 \u00a0 \u00a0 \u00a0 \u00a0\u00a0<\/strong><\/h2>\n<h3>Aluminium-Gussfelgen, auf Rundlauf gepr\u00fcft, ab 0,4 mm ist die Abweichung angegeben<\/h3>\n<p><a href=\"http:\/\/motostefano.de\/wp-content\/uploads\/2017\/11\/2-1-e1511193658477.jpg\" target=\"_blank\" rel=\"noopener noreferrer\"><img loading=\"lazy\" decoding=\"async\" class=\"alignnone wp-image-1993 size-thumbnail\" src=\"http:\/\/motostefano.de\/wp-content\/uploads\/2017\/11\/2-1-220x150.jpg\" alt=\"Hinterradfelge Felge Moto Guzzi V35\/V50 Typ 2,15x18 (2) hinten\" width=\"220\" height=\"150\" \/><\/a><a href=\"http:\/\/motostefano.de\/wp-content\/uploads\/2017\/11\/2-2-e1511193630940.jpg\" target=\"_blank\" rel=\"noopener noreferrer\"><img loading=\"lazy\" decoding=\"async\" class=\"alignnone wp-image-1994 size-thumbnail\" src=\"http:\/\/motostefano.de\/wp-content\/uploads\/2017\/11\/2-2-220x150.jpg\" alt=\"Hinterradfelge Felge Moto Guzzi V35\/V50 Typ 2,15x18 (2) hinten\" width=\"220\" height=\"150\" \/><\/a>Preis: 65,- \u20ac<\/p>\n<p>Hinterrad (2), Gr\u00f6\u00dfe 2,15 x 18\u00a0 \u00a0z.B. passend f\u00fcr Moto Guzzi V35 \/ V50 \/ V65<\/p>\n<p>&#8212;&#8212;&#8212;&#8212;&#8212;&#8212;&#8212;&#8212;&#8212;&#8212;&#8212;&#8212;&#8212;&#8212;&#8212;&#8212;&#8212;&#8212;&#8212;&#8212;&#8212;&#8212;&#8212;&#8212;&#8212;&#8212;&#8212;&#8212;&#8212;&#8212;&#8212;&#8212;&#8212;&#8212;&#8212;-<\/p>\n<p>&nbsp;<\/p>\n<p><a href=\"http:\/\/motostefano.de\/wp-content\/uploads\/2017\/11\/6-1-e1511193824861.jpg\" target=\"_blank\" rel=\"noopener noreferrer\"><img loading=\"lazy\" decoding=\"async\" class=\"alignnone wp-image-2001 size-thumbnail\" src=\"http:\/\/motostefano.de\/wp-content\/uploads\/2017\/11\/6-1-220x150.jpg\" alt=\"Hinterradfelge Felge Moto Guzzi V35\/V50 Typ 2,15x18 (6) hinten\" width=\"220\" height=\"150\" \/><\/a><a href=\"http:\/\/motostefano.de\/wp-content\/uploads\/2017\/11\/6-2-e1511193810629.jpg\" target=\"_blank\" rel=\"noopener noreferrer\"><img loading=\"lazy\" decoding=\"async\" class=\"alignnone wp-image-2002 size-thumbnail\" src=\"http:\/\/motostefano.de\/wp-content\/uploads\/2017\/11\/6-2-220x150.jpg\" alt=\"Hinterradfelge Felge Moto Guzzi V35\/V50 Typ 2,15x18 (6) hinten\" width=\"220\" height=\"150\" \/><\/a>Preis: 40,- \u20ac<\/p>\n<p>Hinterrad (6), Gr\u00f6\u00dfe 2,15 x 18\u00a0 z.B. passend f\u00fcr Moto Guzzi V35 \/ V50 \/ V65\u00a0 \u00a0 \u00a0 \u00a0 \u00a0 einseitiger Schlag von 1 mm<\/p>\n<p>&#8212;&#8212;&#8212;&#8212;&#8212;&#8212;&#8212;&#8212;&#8212;&#8212;&#8212;&#8212;&#8212;&#8212;&#8212;&#8212;&#8212;&#8212;&#8212;&#8212;&#8212;&#8212;&#8212;&#8212;&#8212;&#8212;&#8212;&#8212;&#8212;&#8212;&#8212;&#8212;&#8212;&#8212;&#8212;-<\/p>\n<p><a href=\"http:\/\/motostefano.de\/wp-content\/uploads\/2017\/11\/16-2.jpg\" target=\"_blank\" rel=\"noopener noreferrer\"><img loading=\"lazy\" decoding=\"async\" class=\"alignnone wp-image-2029 size-thumbnail\" src=\"http:\/\/motostefano.de\/wp-content\/uploads\/2017\/11\/16-2-220x150.jpg\" alt=\"Hinterrad (16) Moto Guzzi 2,15x18 kleine Modelle 125 + 254\" width=\"220\" height=\"150\" \/><\/a><a href=\"http:\/\/motostefano.de\/wp-content\/uploads\/2017\/11\/16-1.jpg\" target=\"_blank\" rel=\"noopener noreferrer\"><img loading=\"lazy\" decoding=\"async\" class=\"alignnone wp-image-2028 size-thumbnail\" src=\"http:\/\/motostefano.de\/wp-content\/uploads\/2017\/11\/16-1-220x150.jpg\" alt=\"Hinterrad (16) Moto Guzzi 2,15x18 kleine Modelle 125 + 254\" width=\"220\" height=\"150\" \/><\/a>Preis: 70,- \u20ac<\/p>\n<p>Hinterrad (16), Gr\u00f6\u00dfe 2,15 x 18 z.B. passend Moto Guzzi 125 \/ 254<\/p>\n<p>&#8212;&#8212;&#8212;&#8212;&#8212;&#8212;&#8212;&#8212;&#8212;&#8212;&#8212;&#8212;&#8212;&#8212;&#8212;&#8212;&#8212;&#8212;&#8212;&#8212;&#8212;&#8212;&#8212;&#8212;&#8212;&#8212;&#8212;&#8212;&#8212;&#8212;&#8212;&#8212;&#8212;&#8212;&#8212;-<\/p>\n<h2><strong>Vorderrad Moto Guzzi gro\u00dfe Modell\u00a0 \u00a0 \u00a0 \u00a0 \u00a0 \u00a0 \u00a0 \u00a0 \u00a0 \u00a0 \u00a0 \u00a0 \u00a0 \u00a0 \u00a0\u00a0<\/strong><\/h2>\n<h3>Aluminium-Gussfelgen, auf Rundlauf gepr\u00fcft, ab 0,4 mm ist die Abweichung angegeben<\/h3>\n<p>&#8212;&#8212;&#8212;&#8212;&#8212;&#8212;&#8212;&#8212;&#8212;&#8212;&#8212;&#8212;&#8212;&#8212;&#8212;&#8212;&#8212;&#8212;&#8212;&#8212;&#8212;&#8212;&#8212;&#8212;&#8212;&#8212;&#8212;&#8212;&#8212;&#8212;&#8212;&#8212;&#8212;&#8212;&#8212;-<\/p>\n<p><a href=\"http:\/\/motostefano.de\/wp-content\/uploads\/2017\/11\/14-2.jpg\" target=\"_blank\" rel=\"noopener noreferrer\"><img loading=\"lazy\" decoding=\"async\" class=\"alignnone wp-image-2025 size-thumbnail\" src=\"http:\/\/motostefano.de\/wp-content\/uploads\/2017\/11\/14-2-220x150.jpg\" alt=\"Vorderrad (14) Moto Guzzi LeMans I+II, 850 T3, 2,15x18  H\u00f6henschlag\" width=\"220\" height=\"150\" \/><\/a><a href=\"http:\/\/motostefano.de\/wp-content\/uploads\/2017\/11\/14-1.jpg\" target=\"_blank\" rel=\"noopener noreferrer\"><img loading=\"lazy\" decoding=\"async\" class=\"alignnone wp-image-2024 size-thumbnail\" src=\"http:\/\/motostefano.de\/wp-content\/uploads\/2017\/11\/14-1-220x150.jpg\" alt=\"Vorderrad (14) Moto Guzzi LeMans I+II, 850 T3, 2,15x18  H\u00f6henschlag\" width=\"220\" height=\"150\" \/><\/a>Preis: 70,- \u20ac<\/p>\n<p>Vorderrad (14), Gr\u00f6\u00dfe 2,15 x 18\u00a0 \u00a0 \u00a0 \u00a0 \u00a0 \u00a0 \u00a0 \u00a0 \u00a0 \u00a0 \u00a0 \u00a0 \u00a0 \u00a0 \u00a0 \u00a0 \u00a0 \u00a0 \u00a0 \u00a0 \u00a0 \u00a0 \u00a0 \u00a0 \u00a0 \u00a0 \u00a0 \u00a0 \u00a0 \u00a0 \u00a0 \u00a0 \u00a0 \u00a0 \u00a0 \u00a0 \u00a0 \u00a0 \u00a0 \u00a0 \u00a0 \u00a0 \u00a0 \u00a0 Nabenbreite der Bremsscheibenaufnahme 91 mm, H\u00f6henschlag einseitig 1,2 mm<\/p>\n<p>&#8212;&#8212;&#8212;&#8212;&#8212;&#8212;&#8212;&#8212;&#8212;&#8212;&#8212;&#8212;&#8212;&#8212;&#8212;&#8212;&#8212;&#8212;&#8212;&#8212;&#8212;&#8212;&#8212;&#8212;&#8212;&#8212;&#8212;&#8212;&#8212;&#8212;&#8212;&#8212;&#8212;&#8212;&#8212;-<\/p>\n<h2><\/h2>\n<h2><\/h2>\n<h2><strong>Hinterrad Moto Guzzi gro\u00dfe Modell\u00a0 \u00a0 \u00a0 \u00a0 \u00a0 \u00a0 \u00a0 \u00a0 \u00a0 \u00a0 \u00a0 \u00a0 \u00a0 \u00a0 \u00a0 \u00a0\u00a0<\/strong><\/h2>\n<h3>Aluminium-Gussfelgen, auf Rundlauf gepr\u00fcft, ab 0,4 mm ist die Abweichung angegeben<\/h3>\n<p>&#8212;&#8212;&#8212;&#8212;&#8212;&#8212;&#8212;&#8212;&#8212;&#8212;&#8212;&#8212;&#8212;&#8212;&#8212;&#8212;&#8212;&#8212;&#8212;&#8212;&#8212;&#8212;&#8212;&#8212;&#8212;&#8212;&#8212;&#8212;&#8212;&#8212;&#8212;&#8212;&#8212;&#8212;&#8212;-<\/p>\n<p><a href=\"http:\/\/motostefano.de\/wp-content\/uploads\/2017\/11\/12-1.jpg\" target=\"_blank\" rel=\"noopener noreferrer\"><img loading=\"lazy\" decoding=\"async\" class=\"alignnone wp-image-2020 size-thumbnail\" src=\"http:\/\/motostefano.de\/wp-content\/uploads\/2017\/11\/12-1-220x150.jpg\" alt=\"Hinterrad (12) Moto Guzzi LeMans I+II, 850 T3, 2,15x18\" width=\"220\" height=\"150\" \/><\/a><a href=\"http:\/\/motostefano.de\/wp-content\/uploads\/2017\/11\/12-2.jpg\" target=\"_blank\" rel=\"noopener noreferrer\"><img loading=\"lazy\" decoding=\"async\" class=\"alignnone wp-image-2021 size-thumbnail\" src=\"http:\/\/motostefano.de\/wp-content\/uploads\/2017\/11\/12-2-220x150.jpg\" alt=\"Hinterrad (12) Moto Guzzi LeMans I+II, 850 T3, 2,15x18\" width=\"220\" height=\"150\" \/><\/a>\u00a0Preis: 90,- \u20ac<\/p>\n<p>Hinterrad (12), Gr\u00f6\u00dfe 2,15 x 18 , z.B. passend f\u00fcr Moto Guzzi LeMans I \/ II , 850 T3 \/ T4<\/p>\n<p>&#8212;&#8212;&#8212;&#8212;&#8212;&#8212;&#8212;&#8212;&#8212;&#8212;&#8212;&#8212;&#8212;&#8212;&#8212;&#8212;&#8212;&#8212;&#8212;&#8212;&#8212;&#8212;&#8212;&#8212;&#8212;&#8212;&#8212;&#8212;&#8212;&#8212;&#8212;&#8212;&#8212;&#8212;&#8212;-<\/p>\n<p><a href=\"http:\/\/motostefano.de\/wp-content\/uploads\/2017\/11\/15-1.jpg\" target=\"_blank\" rel=\"noopener noreferrer\"><img loading=\"lazy\" decoding=\"async\" class=\"alignnone wp-image-2026 size-thumbnail\" src=\"http:\/\/motostefano.de\/wp-content\/uploads\/2017\/11\/15-1-220x150.jpg\" alt=\"Hinterrad (15) Moto Guzzi 300x18\" width=\"220\" height=\"150\" \/><\/a><a href=\"http:\/\/motostefano.de\/wp-content\/uploads\/2017\/11\/15-2.jpg\" target=\"_blank\" rel=\"noopener noreferrer\"><img loading=\"lazy\" decoding=\"async\" class=\"alignnone wp-image-2027 size-thumbnail\" src=\"http:\/\/motostefano.de\/wp-content\/uploads\/2017\/11\/15-2-220x150.jpg\" alt=\"Hinterrad (15) Moto Guzzi 300x18\" width=\"220\" height=\"150\" \/><\/a>\u00a0Preis: 100,- \u20ac<\/p>\n<p>Hinterrad (15), Gr\u00f6\u00dfe 3,00 x 18 ,<\/p>\n<p>&#8212;&#8212;&#8212;&#8212;&#8212;&#8212;&#8212;&#8212;&#8212;&#8212;&#8212;&#8212;&#8212;&#8212;&#8212;&#8212;&#8212;&#8212;&#8212;&#8212;&#8212;&#8212;&#8212;&#8212;&#8212;&#8212;&#8212;&#8212;&#8212;&#8212;&#8212;&#8212;&#8212;&#8212;&#8212;-<\/p>\n<p>&#8212;&#8212;&#8212;&#8212;&#8212;&#8212;&#8212;&#8212;&#8212;&#8212;&#8212;&#8212;&#8212;&#8212;&#8212;&#8212;&#8212;&#8212;&#8212;&#8212;&#8212;&#8212;&#8212;&#8212;&#8212;&#8212;&#8212;&#8212;&#8212;&#8212;&#8212;&#8212;&#8212;&#8212;&#8212;-<\/p>\n<h2><strong>Hinterrad Moto Morini 3 1\/2\u00a0 \u00a0 \u00a0 \u00a0 \u00a0 \u00a0 \u00a0 \u00a0 \u00a0 \u00a0 \u00a0 \u00a0 \u00a0 \u00a0 \u00a0 \u00a0 \u00a0 \u00a0 \u00a0 \u00a0 \u00a0 \u00a0 \u00a0\u00a0<\/strong><\/h2>\n<h3>Aluminium-Gussfelgen, auf Rundlauf gepr\u00fcft, ab 0,4 mm ist die Abweichung angegeben<\/h3>\n<p><a href=\"http:\/\/motostefano.de\/wp-content\/uploads\/2017\/11\/21-1.jpg\" target=\"_blank\" rel=\"noopener noreferrer\"><img loading=\"lazy\" decoding=\"async\" class=\"alignnone wp-image-2041 size-thumbnail\" src=\"http:\/\/motostefano.de\/wp-content\/uploads\/2017\/11\/21-1-220x150.jpg\" alt=\"Felge Hinterrad (21) Moto Morini 31\/2 , 2,15x18\" width=\"220\" height=\"150\" \/><\/a><a href=\"http:\/\/motostefano.de\/wp-content\/uploads\/2017\/11\/21-2.jpg\" target=\"_blank\" rel=\"noopener noreferrer\"><img loading=\"lazy\" decoding=\"async\" class=\"alignnone wp-image-2042 size-thumbnail\" src=\"http:\/\/motostefano.de\/wp-content\/uploads\/2017\/11\/21-2-220x150.jpg\" alt=\"Felge Hinterrad (21) Moto Morini 31\/2 , 2,15x18\" width=\"220\" height=\"150\" \/><\/a>Preis: 80,- \u20ac<\/p>\n<p>Hinterrad (21), Gr\u00f6\u00dfe 2,15 x 18 , z.B. passend f\u00fcr Moto Morini 3 1\/2<\/p>\n<p>&#8212;&#8212;&#8212;&#8212;&#8212;&#8212;&#8212;&#8212;&#8212;&#8212;&#8212;&#8212;&#8212;&#8212;&#8212;&#8212;&#8212;&#8212;&#8212;&#8212;&#8212;&#8212;&#8212;&#8212;&#8212;&#8212;&#8212;&#8212;&#8212;&#8212;&#8212;&#8212;&#8212;&#8212;&#8212;-<\/p>\n<p><a href=\"http:\/\/motostefano.de\/wp-content\/uploads\/2017\/11\/26-1.jpg\" target=\"_blank\" rel=\"noopener noreferrer\"><img loading=\"lazy\" decoding=\"async\" class=\"alignnone wp-image-2051 size-thumbnail\" src=\"http:\/\/motostefano.de\/wp-content\/uploads\/2017\/11\/26-1-220x150.jpg\" alt=\"Felge Hinterrad (26) Moto Morini 31\/2 , 2,15x18\" width=\"220\" height=\"150\" \/><\/a><a href=\"http:\/\/motostefano.de\/wp-content\/uploads\/2017\/11\/26-2.jpg\" target=\"_blank\" rel=\"noopener noreferrer\"><img loading=\"lazy\" decoding=\"async\" class=\"alignnone wp-image-2052 size-thumbnail\" src=\"http:\/\/motostefano.de\/wp-content\/uploads\/2017\/11\/26-2-220x150.jpg\" alt=\"Felge Hinterrad (26) Moto Morini 31\/2 , 2,15x18\" width=\"220\" height=\"150\" \/><\/a>\u00a0Preis: 45,- \u20ac<\/p>\n<p>Hinterrad (26), Gr\u00f6\u00dfe 2,15 x 18 ,\u00a0z.B. passend f\u00fcr Moto Morini 3 1\/2\u00a0 \u00a0 \u00a0 \u00a0 \u00a0 \u00a0 \u00a0 \u00a0 \u00a0 \u00a0 \u00a0 \u00a0 \u00a0 \u00a0 \u00a0 \u00a0 \u00a0 \u00a0 \u00a0 \u00a0 \u00a0 Rundlauf fehlen 0,8 mm<\/p>\n<p>&#8212;&#8212;&#8212;&#8212;&#8212;&#8212;&#8212;&#8212;&#8212;&#8212;&#8212;&#8212;&#8212;&#8212;&#8212;&#8212;&#8212;&#8212;&#8212;&#8212;&#8212;&#8212;&#8212;&#8212;&#8212;&#8212;&#8212;&#8212;&#8212;&#8212;&#8212;&#8212;&#8212;&#8212;&#8212;-<\/p>\n<p><a href=\"http:\/\/motostefano.de\/wp-content\/uploads\/2017\/11\/28-1-e1512127157165.jpg\" target=\"_blank\" rel=\"noopener noreferrer\"><img loading=\"lazy\" decoding=\"async\" class=\"alignnone wp-image-2049 size-thumbnail\" src=\"http:\/\/motostefano.de\/wp-content\/uploads\/2017\/11\/28-1-220x150.jpg\" alt=\"Felge Hinterrad (28) Moto Morini 31\/2 , 2,15x18 mit Bremse &amp; Kettenrad\" width=\"220\" height=\"150\" \/><\/a><a href=\"http:\/\/motostefano.de\/wp-content\/uploads\/2017\/11\/28-2-e1512127181598.jpg\" target=\"_blank\" rel=\"noopener noreferrer\"><img loading=\"lazy\" decoding=\"async\" class=\"alignnone wp-image-2050 size-thumbnail\" src=\"http:\/\/motostefano.de\/wp-content\/uploads\/2017\/11\/28-2-220x150.jpg\" alt=\"Felge Hinterrad (28) Moto Morini 31\/2 , 2,15x18 mit Bremse &amp; Kettenrad\" width=\"220\" height=\"150\" \/><\/a>\u00a0Preis: 60,- \u20ac<\/p>\n<p>Hinterrad (28), Gr\u00f6\u00dfe 2,15 x 18 , mit Bremse &amp; Kettenrad ,\u00a0 \u00a0 \u00a0 \u00a0 \u00a0 \u00a0 \u00a0 \u00a0 \u00a0 \u00a0 \u00a0 \u00a0 \u00a0 \u00a0 \u00a0 \u00a0 \u00a0 \u00a0 \u00a0 \u00a0 \u00a0 \u00a0 \u00a0 \u00a0 \u00a0 \u00a0 \u00a0 \u00a0 z.B. passend f\u00fcr Moto Morini 3 1\/2\u00a0 \u00a0 \u00a0 \u00a0 \u00a0 \u00a0 \u00a0 \u00a0 \u00a0 \u00a0 \u00a0 \u00a0 \u00a0 \u00a0 \u00a0 \u00a0 \u00a0 \u00a0 \u00a0 \u00a0 \u00a0 \u00a0 \u00a0 \u00a0 \u00a0 \u00a0 \u00a0 \u00a0 \u00a0 \u00a0 \u00a0 \u00a0 \u00a0 \u00a0 \u00a0 \u00a0 \u00a0 \u00a0 \u00a0 \u00a0 \u00a0 \u00a0 \u00a0 \u00a0 \u00a0 \u00a0 Rundlaufabweichung 1,0 mm<\/p>\n<p>&#8212;&#8212;&#8212;&#8212;&#8212;&#8212;&#8212;&#8212;&#8212;&#8212;&#8212;&#8212;&#8212;&#8212;&#8212;&#8212;&#8212;&#8212;&#8212;&#8212;&#8212;&#8212;&#8212;&#8212;&#8212;&#8212;&#8212;&#8212;&#8212;&#8212;&#8212;&#8212;&#8212;&#8212;&#8212;-<\/p>\n<h2><strong>Hinterrad<\/strong><\/h2>\n<p><a href=\"http:\/\/motostefano.de\/wp-content\/uploads\/2017\/12\/19-2-e1513270294461.jpg\" target=\"_blank\" rel=\"noopener noreferrer\"><img loading=\"lazy\" decoding=\"async\" class=\"alignnone wp-image-2197 size-thumbnail\" src=\"http:\/\/motostefano.de\/wp-content\/uploads\/2017\/12\/19-2-220x150.jpg\" alt=\"Hinterrad Kawasaki Z750 Bj. 04-06\" width=\"220\" height=\"150\" \/><\/a><a href=\"http:\/\/motostefano.de\/wp-content\/uploads\/2017\/12\/19-1-e1513270316969.jpg\" target=\"_blank\" rel=\"noopener noreferrer\"><img loading=\"lazy\" decoding=\"async\" class=\"alignnone wp-image-2196 size-thumbnail\" src=\"http:\/\/motostefano.de\/wp-content\/uploads\/2017\/12\/19-1-220x150.jpg\" alt=\"Hinterrad Kawasaki Z750 Bj. 04-06\" width=\"220\" height=\"150\" \/><\/a>\u00a0Preis: 100,- \u20ac<\/p>\n<p>Kawasaki Z 750 Bj. 04-06, Hinterrad<\/p>\n<p>&#8212;&#8212;&#8212;&#8212;&#8212;&#8212;&#8212;&#8212;&#8212;&#8212;&#8212;&#8212;&#8212;&#8212;&#8212;&#8212;&#8212;&#8212;&#8212;&#8212;&#8212;&#8212;&#8212;&#8212;&#8212;&#8212;&#8212;&#8212;&#8212;&#8212;&#8212;&#8212;&#8212;&#8212;&#8212;-<\/p>\n<p><a href=\"http:\/\/motostefano.de\/wp-content\/uploads\/2017\/12\/18-2-e1513270459653.jpg\" target=\"_blank\" rel=\"noopener noreferrer\"><img loading=\"lazy\" decoding=\"async\" class=\"alignnone wp-image-2195 size-thumbnail\" src=\"http:\/\/motostefano.de\/wp-content\/uploads\/2017\/12\/18-2-220x150.jpg\" alt=\"Hinterrad Suzuki SV 650 Bj.99-02\" width=\"220\" height=\"150\" \/><\/a><a href=\"http:\/\/motostefano.de\/wp-content\/uploads\/2017\/12\/18-1.jpg\" target=\"_blank\" rel=\"noopener noreferrer\"><img loading=\"lazy\" decoding=\"async\" class=\"alignnone wp-image-2194 size-thumbnail\" src=\"http:\/\/motostefano.de\/wp-content\/uploads\/2017\/12\/18-1-220x150.jpg\" alt=\"Hinterrad Suzuki SV 650 Bj.99-02\" width=\"220\" height=\"150\" \/><\/a>\u00a0Preis: 100,- \u20ac<\/p>\n<p>Suzuki SV 650 Bj. 99-02, Hinterad<\/p>\n<p>&#8212;&#8212;&#8212;&#8212;&#8212;&#8212;&#8212;&#8212;&#8212;&#8212;&#8212;&#8212;&#8212;&#8212;&#8212;&#8212;&#8212;&#8212;&#8212;&#8212;&#8212;&#8212;&#8212;&#8212;&#8212;&#8212;&#8212;&#8212;&#8212;&#8212;&#8212;&#8212;&#8212;&#8212;&#8212;-<\/p>\n","protected":false},"excerpt":{"rendered":"<p>Vorderrad Moto Guzzi kleine Modell\u00a0 \u00a0 \u00a0 \u00a0 \u00a0 \u00a0 \u00a0 \u00a0 \u00a0 \u00a0 \u00a0 \u00a0 \u00a0 \u00a0 \u00a0 \u00a0 \u00a0 \u00a0 \u00a0\u00a0 Aluminium-Gussfelgen, auf Rundlauf gepr\u00fcft, ab 0,4 mm ist die Abweichung angegeben Preis: 80,- \u20ac Vorderrad (1), Gr\u00f6\u00dfe &hellip; <a href=\"https:\/\/motostefano.de\/?page_id=198\">Weiterlesen <span class=\"meta-nav\">&rarr;<\/span><\/a><\/p>\n","protected":false},"author":1,"featured_media":0,"parent":0,"menu_order":0,"comment_status":"closed","ping_status":"closed","template":"","meta":{"footnotes":""},"_links":{"self":[{"href":"https:\/\/motostefano.de\/index.php?rest_route=\/wp\/v2\/pages\/198"}],"collection":[{"href":"https:\/\/motostefano.de\/index.php?rest_route=\/wp\/v2\/pages"}],"about":[{"href":"https:\/\/motostefano.de\/index.php?rest_route=\/wp\/v2\/types\/page"}],"author":[{"embeddable":true,"href":"https:\/\/motostefano.de\/index.php?rest_route=\/wp\/v2\/users\/1"}],"replies":[{"embeddable":true,"href":"https:\/\/motostefano.de\/index.php?rest_route=%2Fwp%2Fv2%2Fcomments&post=198"}],"version-history":[{"count":90,"href":"https:\/\/motostefano.de\/index.php?rest_route=\/wp\/v2\/pages\/198\/revisions"}],"predecessor-version":[{"id":5405,"href":"https:\/\/motostefano.de\/index.php?rest_route=\/wp\/v2\/pages\/198\/revisions\/5405"}],"wp:attachment":[{"href":"https:\/\/motostefano.de\/index.php?rest_route=%2Fwp%2Fv2%2Fmedia&parent=198"}],"curies":[{"name":"wp","href":"https:\/\/api.w.org\/{rel}","templated":true}]}}