{"id":200,"date":"2015-04-02T09:54:56","date_gmt":"2015-04-02T07:54:56","guid":{"rendered":"http:\/\/motostefano.de\/?page_id=200"},"modified":"2022-06-23T10:14:41","modified_gmt":"2022-06-23T08:14:41","slug":"tanks-schutzbleche","status":"publish","type":"page","link":"http:\/\/motostefano.de\/?page_id=200","title":{"rendered":"Tank \/ Lacksatz"},"content":{"rendered":"<h3 style=\"text-align: left;\"><\/h3>\n<h3 style=\"text-align: center;\">&#8212;&#8212;&#8212;&#8212;&#8212;&#8212;&#8212;&#8212;&#8212;&#8212;&#8212;&#8212;&#8212;&#8212;&#8212;&#8212;&#8212;&#8212;&#8212;&#8212;&#8212;-<\/h3>\n<h3>Tank Moto Guzzi SP 1000 1.Serie, kleine Dellen, innen leichter Flugrost<\/h3>\n<h3><\/h3>\n<p><a href=\"http:\/\/motostefano.de\/wp-content\/uploads\/2017\/12\/Moto-Guzzi-SP10001.Serie-2.jpg\" target=\"_blank\" rel=\"noopener noreferrer\"><img loading=\"lazy\" decoding=\"async\" class=\"alignnone wp-image-2092 size-thumbnail\" src=\"http:\/\/motostefano.de\/wp-content\/uploads\/2017\/12\/Moto-Guzzi-SP10001.Serie-2-220x150.jpg\" alt=\"Moto Guzzi SP 1000  1.Serie\" width=\"220\" height=\"150\" \/><\/a><a href=\"http:\/\/motostefano.de\/wp-content\/uploads\/2017\/12\/Moto-Guzzi-SP10001.Serie-1.jpg\" target=\"_blank\" rel=\"noopener noreferrer\"><img loading=\"lazy\" decoding=\"async\" class=\"alignnone wp-image-2091 size-thumbnail\" src=\"http:\/\/motostefano.de\/wp-content\/uploads\/2017\/12\/Moto-Guzzi-SP10001.Serie-1-220x150.jpg\" alt=\"Moto Guzzi SP 1000  1.Serie\" width=\"220\" height=\"150\" \/><\/a>\u00a0&#8230;..Preis: 120,- \u20ac<\/p>\n<h3>\u00a0 \u00a0 \u00a0 \u00a0 \u00a0 \u00a0 \u00a0 \u00a0 \u00a0 \u00a0 \u00a0 \u00a0 \u00a0 \u00a0&#8212;&#8212;&#8212;&#8212;&#8212;&#8212;&#8212;&#8212;&#8212;&#8212;&#8212;&#8212;&#8212;&#8212;&#8212;&#8212;&#8212;&#8212;&#8212;&#8212;&#8212;&#8212;-<\/h3>\n<h3>Tank Moto Guzzi V35\/3, Tank innen minimal Flugrost, Originallack,\u00a0 beulenfrei und kratzerfrei<\/h3>\n<p><a href=\"http:\/\/motostefano.de\/wp-content\/uploads\/2015\/10\/MotoGuzziV35R-2.jpg\" target=\"_blank\" rel=\"noopener noreferrer\"><img loading=\"lazy\" decoding=\"async\" class=\"alignnone size-thumbnail wp-image-716\" src=\"http:\/\/motostefano.de\/wp-content\/uploads\/2015\/10\/MotoGuzziV35R-2-220x150.jpg\" alt=\"OLYMPUS DIGITAL CAMERA\" width=\"220\" height=\"150\" \/><\/a><a href=\"http:\/\/motostefano.de\/wp-content\/uploads\/2015\/10\/MotoGuzziV35R-1.jpg\" target=\"_blank\" rel=\"noopener noreferrer\"><img loading=\"lazy\" decoding=\"async\" class=\"alignnone size-thumbnail wp-image-715\" src=\"http:\/\/motostefano.de\/wp-content\/uploads\/2015\/10\/MotoGuzziV35R-1-220x150.jpg\" alt=\"OLYMPUS DIGITAL CAMERA\" width=\"220\" height=\"150\" \/><\/a>\u00a0&#8230;.. Preis: 70,- \u20ac<\/p>\n<p style=\"text-align: center;\">&#8212;&#8212;&#8212;&#8212;&#8212;&#8212;&#8212;&#8212;&#8212;&#8212;&#8212;&#8212;&#8212;&#8212;&#8212;&#8212;&#8212;&#8212;&#8212;&#8212;&#8212;&#8212;&#8212;<\/p>\n<h3 style=\"text-align: left;\">Tank Moto Guzzi, 50\/60 Jahre, innen Flugrost<\/h3>\n<p><a href=\"http:\/\/motostefano.de\/wp-content\/uploads\/2015\/10\/1MotoGuzzi1950jahre-2.jpg\" target=\"_blank\" rel=\"noopener noreferrer\"><img loading=\"lazy\" decoding=\"async\" class=\"alignnone size-thumbnail wp-image-727\" src=\"http:\/\/motostefano.de\/wp-content\/uploads\/2015\/10\/1MotoGuzzi1950jahre-2-220x150.jpg\" alt=\"OLYMPUS DIGITAL CAMERA\" width=\"220\" height=\"150\" \/><\/a><a href=\"http:\/\/motostefano.de\/wp-content\/uploads\/2015\/10\/1MotoGuzzi1950jahre-1.jpg\" target=\"_blank\" rel=\"noopener noreferrer\"><img loading=\"lazy\" decoding=\"async\" class=\"alignnone size-thumbnail wp-image-726\" src=\"http:\/\/motostefano.de\/wp-content\/uploads\/2015\/10\/1MotoGuzzi1950jahre-1-220x150.jpg\" alt=\"OLYMPUS DIGITAL CAMERA\" width=\"220\" height=\"150\" \/><\/a>\u00a0&#8230;.. Preis: 150,- \u20ac<\/p>\n<p style=\"text-align: center;\">&#8212;&#8212;&#8212;&#8212;&#8212;&#8212;&#8212;&#8212;&#8212;&#8212;&#8212;&#8212;&#8212;&#8212;&#8212;&#8212;&#8212;&#8212;&#8212;&#8212;&#8212;&#8212;&#8211;<\/p>\n<h3 style=\"text-align: left;\">Tank Moto Guzzi, 50\/60 Jahre, innen Flugrost<\/h3>\n<p><a href=\"http:\/\/motostefano.de\/wp-content\/uploads\/2015\/10\/2MotoGuzzi1950jahre-2.jpg\" target=\"_blank\" rel=\"noopener noreferrer\"><img loading=\"lazy\" decoding=\"async\" class=\"alignnone size-thumbnail wp-image-728\" src=\"http:\/\/motostefano.de\/wp-content\/uploads\/2015\/10\/2MotoGuzzi1950jahre-2-220x150.jpg\" alt=\"OLYMPUS DIGITAL CAMERA\" width=\"220\" height=\"150\" \/><\/a><a href=\"http:\/\/motostefano.de\/wp-content\/uploads\/2015\/10\/2MotoGuzzi1950jahre-3.jpg\" target=\"_blank\" rel=\"noopener noreferrer\"><img loading=\"lazy\" decoding=\"async\" class=\"alignnone size-thumbnail wp-image-729\" src=\"http:\/\/motostefano.de\/wp-content\/uploads\/2015\/10\/2MotoGuzzi1950jahre-3-220x150.jpg\" alt=\"OLYMPUS DIGITAL CAMERA\" width=\"220\" height=\"150\" \/><\/a>\u00a0&#8230;.. Preis: 150,- \u20ac<\/p>\n<p style=\"text-align: center;\">&#8212;&#8212;&#8212;&#8212;&#8212;&#8212;&#8212;&#8212;&#8212;&#8212;&#8212;&#8212;&#8212;&#8212;&#8212;&#8212;&#8212;&#8212;&#8212;&#8212;&#8212;&#8212;&#8211;<\/p>\n<h3 style=\"text-align: left;\">*1* Tank Moto Morini Kanguro X1, Tank innen rostig mu\u00df gereinigt und beschichtet werden, au\u00dfen sehr sch\u00f6n, Originallack<\/h3>\n<p><a href=\"http:\/\/motostefano.de\/wp-content\/uploads\/2015\/10\/1KanguroX1-1.jpg\" target=\"_blank\" rel=\"noopener noreferrer\"><img loading=\"lazy\" decoding=\"async\" class=\"alignnone size-thumbnail wp-image-742\" src=\"http:\/\/motostefano.de\/wp-content\/uploads\/2015\/10\/1KanguroX1-1-220x150.jpg\" alt=\"OLYMPUS DIGITAL CAMERA\" width=\"220\" height=\"150\" \/><\/a><a href=\"http:\/\/motostefano.de\/wp-content\/uploads\/2015\/10\/1KanguroX1-2.jpg\" target=\"_blank\" rel=\"noopener noreferrer\"><img loading=\"lazy\" decoding=\"async\" class=\"alignnone size-thumbnail wp-image-743\" src=\"http:\/\/motostefano.de\/wp-content\/uploads\/2015\/10\/1KanguroX1-2-220x150.jpg\" alt=\"OLYMPUS DIGITAL CAMERA\" width=\"220\" height=\"150\" \/><\/a>\u00a0&#8230;.. Preis: 80,- \u20ac<\/p>\n<p style=\"text-align: center;\">&#8212;&#8212;&#8212;&#8212;&#8212;&#8212;&#8212;&#8212;&#8212;&#8212;&#8212;&#8212;&#8212;&#8212;&#8212;&#8212;&#8212;&#8212;&#8212;&#8212;&#8212;&#8212;&#8212;&#8212;-<\/p>\n<h3 style=\"text-align: left;\">*2* Tank Moto Morini Kanguro X1, Tank innen minimal Flugrost, \u00a0 \u00a0 \u00a0\u00a0 beulenfrei, Originallack<\/h3>\n<p><a href=\"http:\/\/motostefano.de\/wp-content\/uploads\/2015\/10\/2KanguroX1-2.jpg\" target=\"_blank\" rel=\"noopener noreferrer\"><img loading=\"lazy\" decoding=\"async\" class=\"alignnone size-thumbnail wp-image-745\" src=\"http:\/\/motostefano.de\/wp-content\/uploads\/2015\/10\/2KanguroX1-2-220x150.jpg\" alt=\"OLYMPUS DIGITAL CAMERA\" width=\"220\" height=\"150\" \/><\/a><a href=\"http:\/\/motostefano.de\/wp-content\/uploads\/2015\/10\/2KanguroX1-1.jpg\" target=\"_blank\" rel=\"noopener noreferrer\"><img loading=\"lazy\" decoding=\"async\" class=\"alignnone size-thumbnail wp-image-744\" src=\"http:\/\/motostefano.de\/wp-content\/uploads\/2015\/10\/2KanguroX1-1-220x150.jpg\" alt=\"OLYMPUS DIGITAL CAMERA\" width=\"220\" height=\"150\" \/><\/a>\u00a0&#8230;.. Preis: 120,- \u20ac<\/p>\n<p style=\"text-align: center;\">&#8212;&#8212;&#8212;&#8212;&#8212;&#8212;&#8212;&#8212;&#8212;&#8212;&#8212;&#8212;&#8212;&#8212;&#8212;&#8212;&#8212;&#8212;&#8212;&#8212;&#8212;&#8212;-<\/p>\n<h3 style=\"text-align: left;\">*3* Tank Moto Morini Kanguro X1, Tank innen top, beulenfrei, Originallack<\/h3>\n<p><a href=\"http:\/\/motostefano.de\/wp-content\/uploads\/2015\/10\/3KanguroX1-2.jpg\" target=\"_blank\" rel=\"noopener noreferrer\"><img loading=\"lazy\" decoding=\"async\" class=\"alignnone wp-image-747 size-thumbnail\" src=\"http:\/\/motostefano.de\/wp-content\/uploads\/2015\/10\/3KanguroX1-2-220x150.jpg\" alt=\"OLYMPUS DIGITAL CAMERA\" width=\"220\" height=\"150\" \/><\/a><a href=\"http:\/\/motostefano.de\/wp-content\/uploads\/2015\/10\/3KanguroX1-1.jpg\" target=\"_blank\" rel=\"noopener noreferrer\"><img loading=\"lazy\" decoding=\"async\" class=\"alignnone wp-image-746 size-thumbnail\" src=\"http:\/\/motostefano.de\/wp-content\/uploads\/2015\/10\/3KanguroX1-1-220x150.jpg\" alt=\"OLYMPUS DIGITAL CAMERA\" width=\"220\" height=\"150\" \/><\/a>\u00a0&#8230;..Preis: 120,- \u20ac<\/p>\n<p style=\"text-align: center;\">&#8212;&#8212;&#8212;&#8212;&#8212;&#8212;&#8212;&#8212;&#8212;&#8212;&#8212;&#8212;&#8212;&#8212;&#8212;&#8212;&#8212;&#8212;&#8212;&#8212;&#8212;&#8212;&#8212;<\/p>\n<p style=\"text-align: left;\">\n<h3 style=\"text-align: left;\"><\/h3>\n<p style=\"text-align: left;\">\n","protected":false},"excerpt":{"rendered":"<p>&#8212;&#8212;&#8212;&#8212;&#8212;&#8212;&#8212;&#8212;&#8212;&#8212;&#8212;&#8212;&#8212;&#8212;&#8212;&#8212;&#8212;&#8212;&#8212;&#8212;&#8212;- Tank Moto Guzzi SP 1000 1.Serie, kleine Dellen, innen leichter Flugrost \u00a0&#8230;..Preis: 120,- \u20ac \u00a0 \u00a0 \u00a0 \u00a0 \u00a0 \u00a0 \u00a0 \u00a0 \u00a0 \u00a0 \u00a0 \u00a0 \u00a0 \u00a0&#8212;&#8212;&#8212;&#8212;&#8212;&#8212;&#8212;&#8212;&#8212;&#8212;&#8212;&#8212;&#8212;&#8212;&#8212;&#8212;&#8212;&#8212;&#8212;&#8212;&#8212;&#8212;- Tank Moto Guzzi V35\/3, Tank innen minimal Flugrost, Originallack,\u00a0 beulenfrei und &hellip; <a href=\"http:\/\/motostefano.de\/?page_id=200\">Weiterlesen <span class=\"meta-nav\">&rarr;<\/span><\/a><\/p>\n","protected":false},"author":1,"featured_media":0,"parent":0,"menu_order":0,"comment_status":"closed","ping_status":"closed","template":"","meta":{"footnotes":""},"_links":{"self":[{"href":"http:\/\/motostefano.de\/index.php?rest_route=\/wp\/v2\/pages\/200"}],"collection":[{"href":"http:\/\/motostefano.de\/index.php?rest_route=\/wp\/v2\/pages"}],"about":[{"href":"http:\/\/motostefano.de\/index.php?rest_route=\/wp\/v2\/types\/page"}],"author":[{"embeddable":true,"href":"http:\/\/motostefano.de\/index.php?rest_route=\/wp\/v2\/users\/1"}],"replies":[{"embeddable":true,"href":"http:\/\/motostefano.de\/index.php?rest_route=%2Fwp%2Fv2%2Fcomments&post=200"}],"version-history":[{"count":83,"href":"http:\/\/motostefano.de\/index.php?rest_route=\/wp\/v2\/pages\/200\/revisions"}],"predecessor-version":[{"id":4810,"href":"http:\/\/motostefano.de\/index.php?rest_route=\/wp\/v2\/pages\/200\/revisions\/4810"}],"wp:attachment":[{"href":"http:\/\/motostefano.de\/index.php?rest_route=%2Fwp%2Fv2%2Fmedia&parent=200"}],"curies":[{"name":"wp","href":"https:\/\/api.w.org\/{rel}","templated":true}]}}